{"id":897,"date":"2023-03-25T17:04:00","date_gmt":"2023-03-25T16:04:00","guid":{"rendered":"http:\/\/asta-solidarite.com\/?page_id=897"},"modified":"2025-05-08T18:04:23","modified_gmt":"2025-05-08T16:04:23","slug":"se-faire-accompagner-dans-ses-demarches-sur-le-web","status":"publish","type":"page","link":"https:\/\/asta-solidarite.com\/index.php\/se-faire-accompagner-dans-ses-demarches-sur-le-web\/","title":{"rendered":"Se faire accompagner dans ses d\u00e9marches sur le web"},"content":{"rendered":"\n<p>Vous avez des difficult\u00e9s \u00e0 manier le web et y faire vos d\u00e9marches pour les Imp\u00f4ts, la CAF, P\u00f4le Emploi&nbsp;&#8230;etc&nbsp;? Plus d&rsquo;inqui\u00e9tude&nbsp;! La structure France Services vous accompagne gratuitement pour toutes vos d\u00e9marches administratives sur le web (Imp\u00f4ts, CAF, P\u00f4le Emploi&#8230;). N&rsquo;h\u00e9sitez pas \u00e0 vous y rendre.<\/p>\n\n\n\n<p><a href=\"https:\/\/www.savoie.gouv.fr\/contenu\/telechargement\/41228\/289875\/file\/horaires%20et%20coord%20FS%20janv23.pdf\" target=\"_blank\" rel=\"noreferrer noopener\">Coordonn\u00e9es France Services<\/a><\/p>\n","protected":false},"excerpt":{"rendered":"<p>Vous avez des difficult\u00e9s \u00e0 manier le web et y faire vos d\u00e9marches pour les Imp\u00f4ts, la CAF, P\u00f4le Emploi&nbsp;&#8230;etc&nbsp;? Plus d&rsquo;inqui\u00e9tude&nbsp;! La structure France Services vous accompagne gratuitement pour toutes vos d\u00e9marches administratives sur le web (Imp\u00f4ts, CAF, P\u00f4le Emploi&#8230;). N&rsquo;h\u00e9sitez pas \u00e0 vous y rendre. Coordonn\u00e9es France Services<\/p>\n","protected":false},"author":1,"featured_media":0,"parent":0,"menu_order":0,"comment_status":"closed","ping_status":"closed","template":"templates\/template-full-width.php","meta":[],"_links":{"self":[{"href":"https:\/\/asta-solidarite.com\/index.php\/wp-json\/wp\/v2\/pages\/897"}],"collection":[{"href":"https:\/\/asta-solidarite.com\/index.php\/wp-json\/wp\/v2\/pages"}],"about":[{"href":"https:\/\/asta-solidarite.com\/index.php\/wp-json\/wp\/v2\/types\/page"}],"author":[{"embeddable":true,"href":"https:\/\/asta-solidarite.com\/index.php\/wp-json\/wp\/v2\/users\/1"}],"replies":[{"embeddable":true,"href":"https:\/\/asta-solidarite.com\/index.php\/wp-json\/wp\/v2\/comments?post=897"}],"version-history":[{"count":2,"href":"https:\/\/asta-solidarite.com\/index.php\/wp-json\/wp\/v2\/pages\/897\/revisions"}],"predecessor-version":[{"id":1299,"href":"https:\/\/asta-solidarite.com\/index.php\/wp-json\/wp\/v2\/pages\/897\/revisions\/1299"}],"wp:attachment":[{"href":"https:\/\/asta-solidarite.com\/index.php\/wp-json\/wp\/v2\/media?parent=897"}],"curies":[{"name":"wp","href":"https:\/\/api.w.org\/{rel}","templated":true}]}}