{"id":486,"date":"2022-10-04T15:37:11","date_gmt":"2022-10-04T13:37:11","guid":{"rendered":"http:\/\/asta-solidarite.com\/?page_id=486"},"modified":"2025-05-08T18:03:24","modified_gmt":"2025-05-08T16:03:24","slug":"les-donnees-sur-le-territoire-albertvillois","status":"publish","type":"page","link":"https:\/\/asta-solidarite.com\/index.php\/les-donnees-sur-le-territoire-albertvillois\/","title":{"rendered":"Dispositifs d&rsquo;accueil sur le territoire albertvillois"},"content":{"rendered":"\n<p class=\"has-text-color\" style=\"color:#003fa3\"><strong><span style=\"color:#88377f\" class=\"has-inline-color\">I. LES STRUCTURES LOCALES :<\/span><\/strong><\/p>\n\n\n\n<p class=\"has-text-color\" style=\"color:#003fa3\"><strong><span style=\"color:#17417c\" class=\"has-inline-color\">Le C.A.D.A. Centre d&rsquo;Accueil de Demandeurs d&rsquo;Asile (Albertville) cr\u00e9\u00e9 en 2005&nbsp;:<\/span><\/strong><img loading=\"lazy\" width=\"945\" height=\"626\" class=\"wp-image-539\" style=\"width: 800px;\" src=\"http:\/\/asta-solidarite.com\/wp-content\/uploads\/2022\/10\/CADA-Albertv.jpg\" alt=\"\" srcset=\"https:\/\/asta-solidarite.com\/wp-content\/uploads\/2022\/10\/CADA-Albertv.jpg 945w, https:\/\/asta-solidarite.com\/wp-content\/uploads\/2022\/10\/CADA-Albertv-300x199.jpg 300w, https:\/\/asta-solidarite.com\/wp-content\/uploads\/2022\/10\/CADA-Albertv-768x509.jpg 768w\" sizes=\"(max-width: 945px) 100vw, 945px\" \/><\/p>\n\n\n\n<p class=\"has-text-color\" style=\"color:#003fa3\"><span style=\"color:#17417c\" class=\"has-inline-color\">&#8211; h\u00e9bergement (et nourriture) des demandeurs d\u2019asile durant le temps d\u2019examen de leur demande (chambre, studio ou appartement)<\/span><\/p>\n\n\n\n<p class=\"has-text-color\" style=\"color:#003fa3\"><span style=\"color:#17417c\" class=\"has-inline-color\">&#8211; public&nbsp;: demandeur d\u2019asile<\/span><\/p>\n\n\n\n<p class=\"has-text-color\" style=\"color:#003fa3\"><span style=\"color:#17417c\" class=\"has-inline-color\">&#8211; dur\u00e9e de s\u00e9jour&nbsp;: li\u00e9e \u00e0 la dur\u00e9e d\u2019\u00e9tude de la demande d\u2019asile par les autorit\u00e9s comp\u00e9tentes<\/span><\/p>\n\n\n\n<p class=\"has-text-color\" style=\"color:#003fa3\"><strong><span style=\"color:#17417c\" class=\"has-inline-color\">Le C.H.U. (T\u00c9L 115) Centre d\u2019H\u00e9bergement d\u2019Urgence (Albertville) :<\/span><\/strong><img loading=\"lazy\" width=\"945\" height=\"626\" class=\"wp-image-540\" style=\"width: 800px;\" src=\"http:\/\/asta-solidarite.com\/wp-content\/uploads\/2022\/10\/CHU-Albertv.jpg\" alt=\"\" srcset=\"https:\/\/asta-solidarite.com\/wp-content\/uploads\/2022\/10\/CHU-Albertv.jpg 945w, https:\/\/asta-solidarite.com\/wp-content\/uploads\/2022\/10\/CHU-Albertv-300x199.jpg 300w, https:\/\/asta-solidarite.com\/wp-content\/uploads\/2022\/10\/CHU-Albertv-768x509.jpg 768w\" sizes=\"(max-width: 945px) 100vw, 945px\" \/><\/p>\n\n\n\n<p class=\"has-text-color\" style=\"color:#003fa3\"><span style=\"color:#17417c\" class=\"has-inline-color\">&#8211;<strong> <\/strong>h\u00e9bergement et mise \u00e0 l&rsquo;abri de personnes isol\u00e9es ou exceptionnellement de familles (chambre, sanitaires et cuisine en commun); accueil inconditionnel<\/span><\/p>\n\n\n\n<p class=\"has-text-color\" style=\"color:#003fa3\"><span style=\"color:#17417c\" class=\"has-inline-color\">&#8211; public&nbsp;: tout public<\/span><\/p>\n\n\n\n<p class=\"has-text-color\" style=\"color:#003fa3\"><span style=\"color:#17417c\" class=\"has-inline-color\">&#8211; dur\u00e9e de s\u00e9jour&nbsp;: 1 \u00e0 5 nuits avec possibilit\u00e9 de prolongation apr\u00e8s examen du Service d&rsquo;Orientation<\/span><\/p>\n\n\n\n<p class=\"has-text-color\" style=\"color:#003fa3\"><span style=\"color:#17417c\" class=\"has-inline-color\"><strong>Leur localisation :<\/strong> le <a rel=\"noreferrer noopener\" href=\"https:\/\/www.google.com\/maps?client=firefox-b-d&amp;q=1250+Chemin+des+3+Poiriers+Albertville&amp;um=1&amp;ie=UTF-8&amp;sa=X&amp;ved=2ahUKEwj-hrbo39D6AhUW_RoKHQz0BUIQ_AUoAXoECAEQAw\" target=\"_blank\"><strong>C.A.D.A<\/strong>.<\/a> &#8211; le <a rel=\"noreferrer noopener\" href=\"https:\/\/www.google.com\/maps\/place\/51+Rue+de+Narvik,+73200+Albertville\/@45.6587975,6.3773372,17z\/data=!3m1!4b1!4m5!3m4!1s0x478bc378482b3e5f:0x4c7cf12dd3505b9d!8m2!3d45.6587975!4d6.3795259\" target=\"_blank\"><strong>C.H.U.<\/strong><\/a><\/span><\/p>\n\n\n\n<p class=\"has-text-align-center has-text-color\" style=\"color:#003fa3\"><strong>*<\/strong><\/p>\n\n\n\n<p class=\"has-text-color\" style=\"color:#003fa3\"><strong><span style=\"color:#88377f\" class=\"has-inline-color\">II. LES ORGANISMES EN CHARGE DE D\u00c9L\u00c9GATION DE MISSION :<\/span><\/strong><\/p>\n\n\n\n<p class=\"has-text-color\" style=\"color:#003fa3\"><span style=\"color:#17417c\" class=\"has-inline-color\"><strong><a rel=\"noreferrer noopener\" href=\"https:\/\/www.adoma.cdc-habitat.fr\/adoma\/Accueil\/p-730-L-insertion-par-le-logement.htm\" target=\"_blank\">ADOMA<\/a>&nbsp;:<\/strong> gestion C.A.D.A. Albertville<\/span><\/p>\n\n\n\n<p class=\"has-text-color\" style=\"color:#003fa3\"><span style=\"color:#17417c\" class=\"has-inline-color\"><strong><a rel=\"noreferrer noopener\" href=\"https:\/\/www.la-sasson.fr\/\" target=\"_blank\">LA SASSON<\/a>&nbsp;(L\u2019Association Savoyarde d\u2019Accueil des Secours et d\u2019Orientation) <\/strong>: gestion C.H.U. Albertville + Accueil de Jour Albertville<\/span><\/p>\n","protected":false},"excerpt":{"rendered":"<p>I. LES STRUCTURES LOCALES : Le C.A.D.A. Centre d&rsquo;Accueil de Demandeurs d&rsquo;Asile (Albertville) cr\u00e9\u00e9 en 2005&nbsp;: &#8211; h\u00e9bergement (et nourriture) des demandeurs d\u2019asile durant le temps d\u2019examen de leur demande (chambre, studio ou appartement) &#8211; public&nbsp;: demandeur d\u2019asile &#8211; dur\u00e9e de s\u00e9jour&nbsp;: li\u00e9e \u00e0 la dur\u00e9e d\u2019\u00e9tude de la demande d\u2019asile par les autorit\u00e9s comp\u00e9tentes&hellip;<\/p>\n","protected":false},"author":1,"featured_media":0,"parent":0,"menu_order":0,"comment_status":"closed","ping_status":"closed","template":"templates\/template-full-width.php","meta":[],"_links":{"self":[{"href":"https:\/\/asta-solidarite.com\/index.php\/wp-json\/wp\/v2\/pages\/486"}],"collection":[{"href":"https:\/\/asta-solidarite.com\/index.php\/wp-json\/wp\/v2\/pages"}],"about":[{"href":"https:\/\/asta-solidarite.com\/index.php\/wp-json\/wp\/v2\/types\/page"}],"author":[{"embeddable":true,"href":"https:\/\/asta-solidarite.com\/index.php\/wp-json\/wp\/v2\/users\/1"}],"replies":[{"embeddable":true,"href":"https:\/\/asta-solidarite.com\/index.php\/wp-json\/wp\/v2\/comments?post=486"}],"version-history":[{"count":21,"href":"https:\/\/asta-solidarite.com\/index.php\/wp-json\/wp\/v2\/pages\/486\/revisions"}],"predecessor-version":[{"id":1296,"href":"https:\/\/asta-solidarite.com\/index.php\/wp-json\/wp\/v2\/pages\/486\/revisions\/1296"}],"wp:attachment":[{"href":"https:\/\/asta-solidarite.com\/index.php\/wp-json\/wp\/v2\/media?parent=486"}],"curies":[{"name":"wp","href":"https:\/\/api.w.org\/{rel}","templated":true}]}}