{"id":214,"date":"2021-02-14T23:00:29","date_gmt":"2021-02-14T22:00:29","guid":{"rendered":"http:\/\/asta-solidarite.com\/?page_id=214"},"modified":"2025-05-08T18:03:48","modified_gmt":"2025-05-08T16:03:48","slug":"qui-sommes-nous","status":"publish","type":"page","link":"https:\/\/asta-solidarite.com\/index.php\/nous-connaitre\/qui-sommes-nous\/","title":{"rendered":"Historique"},"content":{"rendered":"\n<p class=\"has-text-color\" style=\"color:#003fa3\"><img loading=\"lazy\" width=\"799\" height=\"472\" class=\"wp-image-568\" style=\"width: 1000px;\" src=\"http:\/\/asta-solidarite.com\/wp-content\/uploads\/2022\/10\/HIST-01.jpeg\" alt=\"\" srcset=\"https:\/\/asta-solidarite.com\/wp-content\/uploads\/2022\/10\/HIST-01.jpeg 799w, https:\/\/asta-solidarite.com\/wp-content\/uploads\/2022\/10\/HIST-01-300x177.jpeg 300w, https:\/\/asta-solidarite.com\/wp-content\/uploads\/2022\/10\/HIST-01-768x454.jpeg 768w\" sizes=\"(max-width: 799px) 100vw, 799px\" \/><\/p>\n\n\n\n<p class=\"has-text-color\" style=\"color:#003fa3\"><span style=\"color:#17417c\" class=\"has-inline-color\">L\u2019<strong>Association Solidarit\u00e9 Territoires d\u2019Albertville<\/strong> (ASTA) est une association loi de 1901 class\u00e9e \u00ab Organisme&nbsp; d\u2019int\u00e9r\u00eat g\u00e9n\u00e9ral \u00e0 caract\u00e8re social et humanitaire \u00bb. Elle a \u00e9t\u00e9 cr\u00e9\u00e9e en f\u00e9vrier 2016 pour donner une personnalit\u00e9 morale et juridique :<\/span><\/p>\n\n\n\n<p class=\"has-text-color\" style=\"color:#003fa3\"><span style=\"color:#17417c\" class=\"has-inline-color\">&#8211; \u00e0 la <strong>Coordination Albertville Tarentaise pour le Droit d\u2019Asile<\/strong> qui existait depuis 2006<\/span><\/p>\n\n\n\n<p class=\"has-text-color\" style=\"color:#003fa3\"><span style=\"color:#17417c\" class=\"has-inline-color\">&#8211; au <strong>Collectif H\u00e9bergement Albertville<\/strong> cr\u00e9\u00e9 en 2014<\/span><\/p>\n\n\n\n<p class=\"has-text-color\" style=\"color:#003fa3\"><span style=\"color:#17417c\" class=\"has-inline-color\">ASTA est habilit\u00e9e \u00e0 d\u00e9livrer des re\u00e7us donnant droit \u00e0 des r\u00e9ductions fiscales.<\/span><\/p>\n\n\n\n<p class=\"has-text-color\" style=\"color:#003fa3\"><strong><span style=\"color:#88377f\" class=\"has-inline-color\">ASTA, UNE GEN\u00c8SE CITOYENNE<\/span><\/strong><\/p>\n\n\n\n<p class=\"has-text-color\" style=\"color:#003fa3\"><span style=\"color:#17417c\" class=\"has-inline-color\"><strong>En 2006,<\/strong> les sections albertvilloises locales de l\u2019ACAT Action des Chr\u00e9tiens pour l\u2019Abolition de la Torture, de la LDH Ligue des Droits de l\u2019Homme, de la Pastorale des Migrants et du Secours Catholique cr\u00e9ent la <strong>Coordination Albertville Tarentaise pour le Droit d\u2019Asile<\/strong>. Elles inscrivent leur initiative dans le sillage des actions de la Coordination Nationale pour le Droit d\u2019Asile (collectif national cr\u00e9\u00e9 en 2000 d\u2019une 30aine d\u2019associations, auteur de \u00ab\u00a0Conditions minimales pour que l\u2019asile soit un droit r\u00e9el\u00a0\u00bb) et de la Coordination Savoie pour le Droit d&rsquo;Asile (collectif d\u00e9partemental cr\u00e9\u00e9 en 2002 d\u2019une 15aine d\u2019associations).<\/span><\/p>\n\n\n\n<p class=\"has-text-color\" style=\"color:#003fa3\"><span style=\"color:#17417c\" class=\"has-inline-color\"><strong>A l&rsquo;automne 2014, <\/strong>associations et citoyens se regroupent sous un Collectif, le <strong>Collectif H\u00e9bergement Albertville<\/strong>, pour r\u00e9agir contre la d\u00e9cision d&rsquo;alors de fermer le Centre d&rsquo;H\u00e9bergement d&rsquo;Urgence d\u2019Albertville de 8h30 \u00e0 17h00, laissant ainsi de fait des personnes \u00e0 la rue (hommes, femmes et enfants en bas \u00e2ge) pendant la journ\u00e9e.<\/span><\/p>\n\n\n\n<p class=\"has-text-color\" style=\"color:#003fa3\"><img loading=\"lazy\" width=\"1181\" height=\"782\" class=\"wp-image-578\" style=\"width: 1000px;\" src=\"http:\/\/asta-solidarite.com\/wp-content\/uploads\/2022\/10\/ASTA.1.jpg\" alt=\"\" srcset=\"https:\/\/asta-solidarite.com\/wp-content\/uploads\/2022\/10\/ASTA.1.jpg 1181w, https:\/\/asta-solidarite.com\/wp-content\/uploads\/2022\/10\/ASTA.1-300x199.jpg 300w, https:\/\/asta-solidarite.com\/wp-content\/uploads\/2022\/10\/ASTA.1-1024x678.jpg 1024w, https:\/\/asta-solidarite.com\/wp-content\/uploads\/2022\/10\/ASTA.1-768x509.jpg 768w\" sizes=\"(max-width: 1181px) 100vw, 1181px\" \/><\/p>\n\n\n\n<p class=\"has-text-color\" style=\"color:#003fa3\"><span style=\"color:#17417c\" class=\"has-inline-color\">Suite \u00e0 la mobilisation de ce Collectif, un Accueil de Jour est alors ouvert \u00e0 Albertville.<\/span><\/p>\n\n\n\n<p class=\"has-text-color\" style=\"color:#003fa3\"><span style=\"color:#17417c\" class=\"has-inline-color\"><strong>En f\u00e9vrier 2016, <\/strong>ASTA est cr\u00e9\u00e9e pour donner une personnalit\u00e9 morale et juridique \u00e0 la Coordination Albertville Tarentaise pour le Droit d\u2019Asile et au Collectif H\u00e9bergement Albertville et faciliter ainsi la coordination de l&rsquo;accompagnement des personnes en grande pr\u00e9carit\u00e9 sur le territoire albertvillois. Dans le prolongement de la cr\u00e9ation d&rsquo;ASTA,&nbsp; la Coordination Albertville Tarentaise pour le Droit d\u2019Asile et le Collectif H\u00e9bergement Albertville ont reconnu ASTA et se sont dissous.<\/span><\/p>\n\n\n\n<p class=\"has-text-color\" style=\"color:#003fa3\"><span style=\"color:#17417c\" class=\"has-inline-color\"><strong>En octobre 2016,&nbsp; <\/strong>ASTA est reconnue comme <strong>Association d&rsquo;Int\u00e9r\u00eat G\u00e9n\u00e9ral<\/strong><\/span><\/p>\n\n\n\n<p class=\"has-text-color\" style=\"color:#003fa3\"><img loading=\"lazy\" width=\"555\" height=\"360\" class=\"wp-image-569\" style=\"width: 1000px;\" src=\"http:\/\/asta-solidarite.com\/wp-content\/uploads\/2022\/10\/HIST-02.jpg\" alt=\"\" srcset=\"https:\/\/asta-solidarite.com\/wp-content\/uploads\/2022\/10\/HIST-02.jpg 555w, https:\/\/asta-solidarite.com\/wp-content\/uploads\/2022\/10\/HIST-02-300x195.jpg 300w\" sizes=\"(max-width: 555px) 100vw, 555px\" \/><\/p>\n\n\n\n<p class=\"has-text-align-center\"><strong>*<\/strong><\/p>\n\n\n\n<p class=\"has-text-align-center\"><strong><a href=\"https:\/\/www.facebook.com\/AstaSolidariteAlbertville\">https:\/\/www.facebook.com\/AstaSolidariteAlbertville<\/a><\/strong><\/p>\n","protected":false},"excerpt":{"rendered":"<p>L\u2019Association Solidarit\u00e9 Territoires d\u2019Albertville (ASTA) est une association loi de 1901 class\u00e9e \u00ab Organisme&nbsp; d\u2019int\u00e9r\u00eat g\u00e9n\u00e9ral \u00e0 caract\u00e8re social et humanitaire \u00bb. Elle a \u00e9t\u00e9 cr\u00e9\u00e9e en f\u00e9vrier 2016 pour donner une personnalit\u00e9 morale et juridique : &#8211; \u00e0 la Coordination Albertville Tarentaise pour le Droit d\u2019Asile qui existait depuis 2006 &#8211; au Collectif H\u00e9bergement&hellip;<\/p>\n","protected":false},"author":1,"featured_media":0,"parent":1232,"menu_order":2,"comment_status":"closed","ping_status":"closed","template":"templates\/template-full-width.php","meta":[],"_links":{"self":[{"href":"https:\/\/asta-solidarite.com\/index.php\/wp-json\/wp\/v2\/pages\/214"}],"collection":[{"href":"https:\/\/asta-solidarite.com\/index.php\/wp-json\/wp\/v2\/pages"}],"about":[{"href":"https:\/\/asta-solidarite.com\/index.php\/wp-json\/wp\/v2\/types\/page"}],"author":[{"embeddable":true,"href":"https:\/\/asta-solidarite.com\/index.php\/wp-json\/wp\/v2\/users\/1"}],"replies":[{"embeddable":true,"href":"https:\/\/asta-solidarite.com\/index.php\/wp-json\/wp\/v2\/comments?post=214"}],"version-history":[{"count":14,"href":"https:\/\/asta-solidarite.com\/index.php\/wp-json\/wp\/v2\/pages\/214\/revisions"}],"predecessor-version":[{"id":1297,"href":"https:\/\/asta-solidarite.com\/index.php\/wp-json\/wp\/v2\/pages\/214\/revisions\/1297"}],"up":[{"embeddable":true,"href":"https:\/\/asta-solidarite.com\/index.php\/wp-json\/wp\/v2\/pages\/1232"}],"wp:attachment":[{"href":"https:\/\/asta-solidarite.com\/index.php\/wp-json\/wp\/v2\/media?parent=214"}],"curies":[{"name":"wp","href":"https:\/\/api.w.org\/{rel}","templated":true}]}}