{"id":145,"date":"2021-02-08T16:35:54","date_gmt":"2021-02-08T15:35:54","guid":{"rendered":"http:\/\/asta-solidarite.com\/?page_id=145"},"modified":"2025-05-08T18:03:59","modified_gmt":"2025-05-08T16:03:59","slug":"partenaires","status":"publish","type":"page","link":"https:\/\/asta-solidarite.com\/index.php\/nous-connaitre\/partenaires\/","title":{"rendered":"Nos Partenaires"},"content":{"rendered":"\n<div class=\"wp-block-group\"><div class=\"wp-block-group__inner-container\">\n<p class=\"has-text-color\" style=\"color:#003fa3\"><span style=\"color:#17417c\" class=\"has-inline-color\"><strong>ASTA&nbsp; <\/strong>travaille<strong> en r\u00e9seau<\/strong> avec des <strong>partenaires institutionnels<\/strong>, les <strong>collectivit\u00e9s territoriales<\/strong> et de nombreuses <strong>associations locales<\/strong>.<\/span><\/p>\n\n\n\n<p class=\"has-text-align-center has-text-color\" style=\"color:#003fa3\"><strong>*<\/strong><\/p>\n\n\n\n<p><img loading=\"lazy\" width=\"667\" height=\"444\" class=\"wp-image-584\" style=\"width: 1000px;\" src=\"http:\/\/asta-solidarite.com\/wp-content\/uploads\/2022\/10\/ASTA-reseau.jpg\" alt=\"\" srcset=\"https:\/\/asta-solidarite.com\/wp-content\/uploads\/2022\/10\/ASTA-reseau.jpg 667w, https:\/\/asta-solidarite.com\/wp-content\/uploads\/2022\/10\/ASTA-reseau-300x200.jpg 300w\" sizes=\"(max-width: 667px) 100vw, 667px\" \/><\/p>\n\n\n\n<p class=\"has-text-align-center has-text-color\" style=\"color:#003fa3\"><strong>*<\/strong><\/p>\n\n\n\n<p class=\"has-text-color\" style=\"color:#003fa3\"><strong><span style=\"color:#88377f\" class=\"has-inline-color\">Les partenaires institutionnels :<\/span><\/strong><\/p>\n\n\n\n<p class=\"has-text-color\" style=\"color:#003fa3\"><span style=\"color:#17417c\" class=\"has-inline-color\">&#8211; Les bailleurs sociaux : SEM4V, OPAC&#8230;<\/span><\/p>\n\n\n\n<p class=\"has-text-color\" style=\"color:#003fa3\"><span style=\"color:#17417c\" class=\"has-inline-color\">&#8211; Le CADA (Centre d\u2019Accueil des Demandeurs d\u2019Asile)<\/span><\/p>\n\n\n\n<p class=\"has-text-color\" style=\"color:#003fa3\"><span style=\"color:#17417c\" class=\"has-inline-color\">&#8211; Les Collectivit\u00e9s Territoriales (Communes, Arlys\u00e8re, D\u00e9partement) via les CCAS (Centre Communal d&rsquo;Action Sociale)&nbsp;, CIAS (Centre Intercommunal d&rsquo;Action Sociale), CPAS (Centre Polyvalent d&rsquo;Action Sociale), CSC (Centre Socio Culturel)&#8230;<\/span><\/p>\n\n\n\n<p class=\"has-text-color\" style=\"color:#003fa3\"><span style=\"color:#17417c\" class=\"has-inline-color\">&#8211; L&rsquo; Education Nationale<\/span><\/p>\n\n\n\n<p class=\"has-text-color\" style=\"color:#003fa3\"><span style=\"color:#17417c\" class=\"has-inline-color\">&#8211; L&rsquo;EMPP (Equipe Mobile Psychiatrie Pr\u00e9carit\u00e9)<\/span><\/p>\n\n\n\n<p class=\"has-text-color\" style=\"color:#003fa3\"><span style=\"color:#17417c\" class=\"has-inline-color\">&#8211; La PASS (Permanence d\u2019Acc\u00e8s aux Soins de Sant\u00e9)<\/span><\/p>\n\n\n\n<p class=\"has-text-color\" style=\"color:#003fa3\"><span style=\"color:#17417c\" class=\"has-inline-color\">&#8211; La SASSON (Association Savoyarde d\u2019Accueil, de Secours, de Soutien et d\u2019Orientation) via l&rsquo;Accueil de Jour et le Centre d&rsquo;H\u00e9bergement d&rsquo;Urgence (TEL 115).<\/span><\/p>\n\n\n\n<p class=\"has-text-align-center has-text-color\" style=\"color:#003fa3\"><strong>*<\/strong><\/p>\n\n\n\n<p class=\"has-text-color\" style=\"color:#003fa3\"><strong><span style=\"color:#88377f\" class=\"has-inline-color\">Les partenaires associatifs :<\/span><\/strong><\/p>\n\n\n\n<p class=\"has-text-color\" style=\"color:#003fa3\"><span style=\"color:#17417c\" class=\"has-inline-color\">&#8211; L\u2019ADDCAES (Association D\u00e9partementale pour le D\u00e9veloppement et la Coordination des Actions aupr\u00e8s des \u00c9trangers de la Savoie)<\/span><\/p>\n\n\n\n<p class=\"has-text-color\" style=\"color:#003fa3\"><span style=\"color:#17417c\" class=\"has-inline-color\">&#8211; Amnesty International<\/span><\/p>\n\n\n\n<p class=\"has-text-color\" style=\"color:#003fa3\"><span style=\"color:#17417c\" class=\"has-inline-color\">&#8211; L\u2019APPEL (Accompagnement Pour Parler, \u00c9crire, Lire)<\/span><\/p>\n\n\n\n<p class=\"has-text-color\" style=\"color:#003fa3\"><span style=\"color:#17417c\" class=\"has-inline-color\">&#8211; La Banque Alimentaire<\/span><\/p>\n\n\n\n<p class=\"has-text-color\" style=\"color:#003fa3\"><span style=\"color:#17417c\" class=\"has-inline-color\">&#8211;&nbsp; Le CAPS (Comit\u00e9 d\u2019Action Pr\u00e9carit\u00e9 Solidarit\u00e9)<\/span><\/p>\n\n\n\n<p class=\"has-text-color\" style=\"color:#003fa3\"><span style=\"color:#17417c\" class=\"has-inline-color\">&#8211; Le CCFD-Terre Solidaire (Comit\u00e9 Catholique contre la Faim et pour le D\u00e9veloppement-Terre Solidaire)<\/span><\/p>\n\n\n\n<p class=\"has-text-color\" style=\"color:#003fa3\"><span style=\"color:#17417c\" class=\"has-inline-color\">&#8211; Le CRA (Collectif R\u00e9publicain d\u2019Albertville)<\/span><\/p>\n\n\n\n<p class=\"has-text-color\" style=\"color:#003fa3\"><span style=\"color:#17417c\" class=\"has-inline-color\">&#8211; La CSF (Conf\u00e9d\u00e9ration Syndicale des Familles)<\/span><\/p>\n\n\n\n<p class=\"has-text-color\" style=\"color:#003fa3\"><span style=\"color:#17417c\" class=\"has-inline-color\">&#8211; La Croix Rouge<\/span><\/p>\n\n\n\n<p class=\"has-text-color\" style=\"color:#003fa3\"><span style=\"color:#17417c\" class=\"has-inline-color\">&#8211; La Ligue des Droits de l\u2019Homme<\/span><\/p>\n\n\n\n<p class=\"has-text-color\" style=\"color:#003fa3\"><span style=\"color:#17417c\" class=\"has-inline-color\">&#8211; La Pastorale des Migrants<\/span><\/p>\n\n\n\n<p class=\"has-text-color\" style=\"color:#003fa3\"><span style=\"color:#17417c\" class=\"has-inline-color\">&#8211; Les Restos du Coeur<\/span><\/p>\n\n\n\n<p class=\"has-text-color\" style=\"color:#003fa3\"><span style=\"color:#17417c\" class=\"has-inline-color\">&#8211; Le Secours Catholique<\/span><\/p>\n\n\n\n<p class=\"has-text-color\" style=\"color:#003fa3\"><span style=\"color:#17417c\" class=\"has-inline-color\">&#8211; Le Secours Populaire<\/span><\/p>\n\n\n\n<p class=\"has-text-color\" style=\"color:#003fa3\"><span style=\"color:#17417c\" class=\"has-inline-color\">&#8211; L&rsquo;\u00c9chapp\u00e9e Culturelle<\/span><\/p>\n\n\n\n<p class=\"has-text-align-center has-text-color\" style=\"color:#003fa3\"><strong>*<\/strong><\/p>\n\n\n\n<p class=\"has-text-color\" style=\"color:#003fa3\"><span style=\"color:#17417c\" class=\"has-inline-color\">ASTA est aussi <strong>en lien avec<\/strong> :<\/span><\/p>\n\n\n\n<p class=\"has-text-color\" style=\"color:#003fa3\"><span style=\"color:#17417c\" class=\"has-inline-color\">&#8211; La CIMADE<\/span><\/p>\n\n\n\n<p class=\"has-text-color\" style=\"color:#003fa3\"><span style=\"color:#17417c\" class=\"has-inline-color\">&#8211; Savoie Solidarit\u00e9 Migrants<\/span><\/p>\n\n\n\n<p class=\"has-text-color\" style=\"color:#003fa3\"><span style=\"color:#17417c\" class=\"has-inline-color\">&#8211; Tous Migrants<\/span><\/p>\n\n\n\n<p class=\"has-text-color\" style=\"color:#003fa3\"><span style=\"color:#17417c\" class=\"has-inline-color\">&#8211; JRS Welcome<\/span><\/p>\n\n\n\n<p class=\"has-text-color\" style=\"color:#003fa3\"><span style=\"color:#17417c\" class=\"has-inline-color\">&#8211; 100 pour un Toit<\/span><\/p>\n\n\n\n<p class=\"has-text-align-center\"><strong><span style=\"color:#003fa3\" class=\"has-inline-color\">*<\/span><\/strong><\/p>\n\n\n\n<p class=\"has-text-align-center\"><strong><a href=\"https:\/\/www.facebook.com\/AstaSolidariteAlbertville\">https:\/\/www.facebook.com\/AstaSolidariteAlbertville<\/a><\/strong><\/p>\n<\/div><\/div>\n\n\n\n<p><\/p>\n","protected":false},"excerpt":{"rendered":"","protected":false},"author":1,"featured_media":0,"parent":1232,"menu_order":3,"comment_status":"closed","ping_status":"closed","template":"templates\/template-full-width.php","meta":[],"_links":{"self":[{"href":"https:\/\/asta-solidarite.com\/index.php\/wp-json\/wp\/v2\/pages\/145"}],"collection":[{"href":"https:\/\/asta-solidarite.com\/index.php\/wp-json\/wp\/v2\/pages"}],"about":[{"href":"https:\/\/asta-solidarite.com\/index.php\/wp-json\/wp\/v2\/types\/page"}],"author":[{"embeddable":true,"href":"https:\/\/asta-solidarite.com\/index.php\/wp-json\/wp\/v2\/users\/1"}],"replies":[{"embeddable":true,"href":"https:\/\/asta-solidarite.com\/index.php\/wp-json\/wp\/v2\/comments?post=145"}],"version-history":[{"count":36,"href":"https:\/\/asta-solidarite.com\/index.php\/wp-json\/wp\/v2\/pages\/145\/revisions"}],"predecessor-version":[{"id":1298,"href":"https:\/\/asta-solidarite.com\/index.php\/wp-json\/wp\/v2\/pages\/145\/revisions\/1298"}],"up":[{"embeddable":true,"href":"https:\/\/asta-solidarite.com\/index.php\/wp-json\/wp\/v2\/pages\/1232"}],"wp:attachment":[{"href":"https:\/\/asta-solidarite.com\/index.php\/wp-json\/wp\/v2\/media?parent=145"}],"curies":[{"name":"wp","href":"https:\/\/api.w.org\/{rel}","templated":true}]}}