{"id":125,"date":"2021-02-08T12:00:41","date_gmt":"2021-02-08T11:00:41","guid":{"rendered":"http:\/\/asta-solidarite.com\/?page_id=125"},"modified":"2025-05-08T17:45:10","modified_gmt":"2025-05-08T15:45:10","slug":"qui-sommes-nous-2","status":"publish","type":"page","link":"https:\/\/asta-solidarite.com\/index.php\/nous-connaitre\/qui-sommes-nous-2\/","title":{"rendered":"Qui sommes-nous ?"},"content":{"rendered":"\n<p class=\"has-text-color\" style=\"color:#17417c\"><strong>&nbsp;<\/strong><span style=\"color:#17417c\" class=\"has-inline-color\">La<strong> R\u00e9publique Fran\u00e7aise<\/strong> a inscrit le mot <strong>Fraternit\u00e9 <\/strong>dans sa devise et la <strong>Solidarit\u00e9 <\/strong>fait partie de ses valeurs. <\/span><\/p>\n\n\n\n<p><img loading=\"lazy\" width=\"736\" height=\"595\" class=\"wp-image-577\" style=\"width: 1000px;\" src=\"http:\/\/asta-solidarite.com\/wp-content\/uploads\/2022\/10\/Albertville-2.jpg\" alt=\"\" srcset=\"https:\/\/asta-solidarite.com\/wp-content\/uploads\/2022\/10\/Albertville-2.jpg 736w, https:\/\/asta-solidarite.com\/wp-content\/uploads\/2022\/10\/Albertville-2-300x243.jpg 300w\" sizes=\"(max-width: 736px) 100vw, 736px\" \/><\/p>\n\n\n\n<p><\/p>\n\n\n\n<h2 class=\"has-text-color\" style=\"color:#47afae\"><strong><span style=\"color:#47afae\" class=\"has-inline-color\">Pourquoi ASTA&nbsp;? <\/span><\/strong><\/h2>\n\n\n\n<p class=\"has-text-color has-normal-font-size\" style=\"color:#17417c\"><span style=\"color:#17417c\" class=\"has-inline-color\"><strong>L\u2019Association Solidarit\u00e9 Territoires d\u2019Albertville (ASTA)<\/strong> est une association loi de 1901 class\u00e9e \u00ab Organisme&nbsp; d\u2019Int\u00e9r\u00eat G\u00e9n\u00e9ral \u00e0 caract\u00e8re social et humanitaire \u00bb. Elle a \u00e9t\u00e9 cr\u00e9\u00e9e en f\u00e9vrier 2016 pour donner une personnalit\u00e9 morale et juridique :<\/span><\/p>\n\n\n\n<p class=\"has-text-color\" style=\"color:#17417c\"><span style=\"color:#17417c\" class=\"has-inline-color\">&#8211; \u00e0 la Coordination Albertville Tarentaise pour le Droit d\u2019Asile qui existait depuis 2006<\/span><\/p>\n\n\n\n<p class=\"has-text-color\" style=\"color:#17417c\"><span style=\"color:#17417c\" class=\"has-inline-color\">&#8211; au Collectif H\u00e9bergement Albertville cr\u00e9\u00e9 en 2014 pour aider les personnes en grande pr\u00e9carit\u00e9<\/span><\/p>\n\n\n\n<p class=\"has-text-color\" style=\"color:#17417c\"><strong><span style=\"color:#88377f\" class=\"has-inline-color\">Ses objectifs&nbsp;:<\/span><\/strong><\/p>\n\n\n\n<p class=\"has-text-color\" style=\"color:#17417c\"><em>\u00ab\u00a0Apporter aide et soutien aux personnes qui se trouve<span style=\"color:#17417c\" class=\"has-inline-color\">n<\/span>t en situation de d\u00e9tresse et de mis\u00e8re, en leur venant en aide pour leurs besoins indispensables et en favorisant leur insertion sociale\u2026 aide mat\u00e9rielle\u2026 formation\u2026 soutien moral\u2026 informations.\u00a0\u00bb<\/em> [Extrait des statuts (Association loi 1901)]<\/p>\n\n\n\n<p class=\"has-text-color\" style=\"color:#003fa3\"><img loading=\"lazy\" width=\"945\" height=\"626\" class=\"wp-image-556\" style=\"width: 1000px;\" src=\"http:\/\/asta-solidarite.com\/wp-content\/uploads\/2022\/10\/Albertville3.jpg\" alt=\"\" srcset=\"https:\/\/asta-solidarite.com\/wp-content\/uploads\/2022\/10\/Albertville3.jpg 945w, https:\/\/asta-solidarite.com\/wp-content\/uploads\/2022\/10\/Albertville3-300x199.jpg 300w, https:\/\/asta-solidarite.com\/wp-content\/uploads\/2022\/10\/Albertville3-768x509.jpg 768w\" sizes=\"(max-width: 945px) 100vw, 945px\" \/><\/p>\n\n\n\n<p><span style=\"color:#003fa3\" class=\"has-inline-color\"><\/span><strong><span style=\"color:#88377f\" class=\"has-inline-color\">Quelle aide peut apporter ASTA?<\/span><\/strong><\/p>\n\n\n\n<p><span style=\"color:#17417c\" class=\"has-inline-color\">ASTA peut apporter son aide \u00e0 toute personne en situation de grande pr\u00e9carit\u00e9, de&nbsp;d\u00e9tresse mat\u00e9rielle et morale :<\/span><\/p>\n\n\n\n<ul><li><span style=\"color:#17417c\" class=\"has-inline-color\">accueil lors de permanences,<\/span><\/li><li><span style=\"color:#17417c\" class=\"has-inline-color\">aides mat\u00e9rielles ponctuelles et soumises \u00e0 examen,<\/span><\/li><li><span style=\"color:#17417c\" class=\"has-inline-color\">formation,<\/span><\/li><li><span style=\"color:#17417c\" class=\"has-inline-color\">soutien moral, int\u00e9gration, informations utiles,<\/span><\/li><li><span style=\"color:#17417c\" class=\"has-inline-color\">accompagnement dans les d\u00e9marches administratives et\/ou relatives \u00e0 la sant\u00e9, \u00e0 l\u2019obtention d\u2019aides, dans la d\u00e9fense des droits \u00e9l\u00e9mentaires,<\/span><\/li><li><span style=\"color:#17417c\" class=\"has-inline-color\">mise en relation avec les associations locales, avec les services sociaux,<\/span><\/li><li><span style=\"color:#17417c\" class=\"has-inline-color\">accompagnement et transports pour les rendez-vous m\u00e9dicaux et\/ou administratifs,<\/span><\/li><li><span style=\"color:#17417c\" class=\"has-inline-color\">moments conviviaux et activit\u00e9s culturelles.<\/span><\/li><\/ul>\n\n\n\n<p><\/p>\n\n\n\n<div class=\"wp-block-image is-style-default\"><figure class=\"aligncenter size-large\"><img loading=\"lazy\" width=\"1024\" height=\"765\" src=\"http:\/\/asta-solidarite.com\/wp-content\/uploads\/2023\/08\/joguetasta8-1024x765.jpg\" alt=\"\" class=\"wp-image-952\" srcset=\"https:\/\/asta-solidarite.com\/wp-content\/uploads\/2023\/08\/joguetasta8-1024x765.jpg 1024w, https:\/\/asta-solidarite.com\/wp-content\/uploads\/2023\/08\/joguetasta8-300x224.jpg 300w, https:\/\/asta-solidarite.com\/wp-content\/uploads\/2023\/08\/joguetasta8-768x574.jpg 768w, https:\/\/asta-solidarite.com\/wp-content\/uploads\/2023\/08\/joguetasta8-1200x897.jpg 1200w, https:\/\/asta-solidarite.com\/wp-content\/uploads\/2023\/08\/joguetasta8.jpg 1500w\" sizes=\"(max-width: 1024px) 100vw, 1024px\" \/><\/figure><\/div>\n\n\n\n<p class=\"has-text-align-center\"><strong><span style=\"color:#003fa3\" class=\"has-inline-color\">*<\/span><\/strong><\/p>\n\n\n\n<p class=\"has-text-align-center\"><strong><a href=\"https:\/\/www.facebook.com\/AstaSolidariteAlbertville\">https:\/\/www.facebook.com\/AstaSolidariteAlbertville<\/a><\/strong><\/p>\n\n\n\n<p><\/p>\n","protected":false},"excerpt":{"rendered":"<p>&nbsp;La R\u00e9publique Fran\u00e7aise a inscrit le mot Fraternit\u00e9 dans sa devise et la Solidarit\u00e9 fait partie de ses valeurs. Pourquoi ASTA&nbsp;? L\u2019Association Solidarit\u00e9 Territoires d\u2019Albertville (ASTA) est une association loi de 1901 class\u00e9e \u00ab Organisme&nbsp; d\u2019Int\u00e9r\u00eat G\u00e9n\u00e9ral \u00e0 caract\u00e8re social et humanitaire \u00bb. Elle a \u00e9t\u00e9 cr\u00e9\u00e9e en f\u00e9vrier 2016 pour donner une personnalit\u00e9 morale&hellip;<\/p>\n","protected":false},"author":1,"featured_media":0,"parent":1232,"menu_order":1,"comment_status":"closed","ping_status":"closed","template":"templates\/template-full-width.php","meta":[],"_links":{"self":[{"href":"https:\/\/asta-solidarite.com\/index.php\/wp-json\/wp\/v2\/pages\/125"}],"collection":[{"href":"https:\/\/asta-solidarite.com\/index.php\/wp-json\/wp\/v2\/pages"}],"about":[{"href":"https:\/\/asta-solidarite.com\/index.php\/wp-json\/wp\/v2\/types\/page"}],"author":[{"embeddable":true,"href":"https:\/\/asta-solidarite.com\/index.php\/wp-json\/wp\/v2\/users\/1"}],"replies":[{"embeddable":true,"href":"https:\/\/asta-solidarite.com\/index.php\/wp-json\/wp\/v2\/comments?post=125"}],"version-history":[{"count":55,"href":"https:\/\/asta-solidarite.com\/index.php\/wp-json\/wp\/v2\/pages\/125\/revisions"}],"predecessor-version":[{"id":1231,"href":"https:\/\/asta-solidarite.com\/index.php\/wp-json\/wp\/v2\/pages\/125\/revisions\/1231"}],"up":[{"embeddable":true,"href":"https:\/\/asta-solidarite.com\/index.php\/wp-json\/wp\/v2\/pages\/1232"}],"wp:attachment":[{"href":"https:\/\/asta-solidarite.com\/index.php\/wp-json\/wp\/v2\/media?parent=125"}],"curies":[{"name":"wp","href":"https:\/\/api.w.org\/{rel}","templated":true}]}}