{"id":104,"date":"2021-02-08T11:58:37","date_gmt":"2021-02-08T10:58:37","guid":{"rendered":"http:\/\/asta-solidarite.com\/?page_id=104"},"modified":"2025-05-08T18:03:12","modified_gmt":"2025-05-08T16:03:12","slug":"contact","status":"publish","type":"page","link":"https:\/\/asta-solidarite.com\/index.php\/contact\/","title":{"rendered":"Contact"},"content":{"rendered":"\n<p class=\"has-text-align-center\"><img loading=\"lazy\" width=\"945\" height=\"626\" class=\"wp-image-559\" style=\"width: 800px;\" src=\"http:\/\/asta-solidarite.com\/wp-content\/uploads\/2022\/10\/MdA.jpg\" alt=\"\" srcset=\"https:\/\/asta-solidarite.com\/wp-content\/uploads\/2022\/10\/MdA.jpg 945w, https:\/\/asta-solidarite.com\/wp-content\/uploads\/2022\/10\/MdA-300x199.jpg 300w, https:\/\/asta-solidarite.com\/wp-content\/uploads\/2022\/10\/MdA-768x509.jpg 768w\" sizes=\"(max-width: 945px) 100vw, 945px\" \/><\/p>\n\n\n\n<p class=\"has-text-align-center has-text-color\" style=\"color:#003fa3\"><strong><span style=\"color:#88377f\" class=\"has-inline-color\">Association Solidarit\u00e9 Territoires d&rsquo;Albertville<\/span><\/strong><\/p>\n\n\n\n<p class=\"has-text-align-center has-text-color\" style=\"color:#003fa3\"><strong><span style=\"color:#17417c\" class=\"has-inline-color\">Maison des Associations <\/span><\/strong><br><strong><span style=\"color:#17417c\" class=\"has-inline-color\">21 rue Lamarque 73200 Albertville<\/span><\/strong><\/p>\n\n\n\n<div class=\"wp-block-group\"><div class=\"wp-block-group__inner-container\">\n<p class=\"has-text-align-center has-text-color\" style=\"color:#003fa3\"><a href=\"mailto:contacts.asta@yahoo.fr\"><span style=\"color:#17417c\" class=\"has-inline-color\">contacts.asta@yahoo.fr<\/span><\/a><\/p>\n\n\n\n<p class=\"has-text-align-center has-text-color\" style=\"color:#003fa3\"><span style=\"color:#17417c\" class=\"has-inline-color\">T\u00e9l\u00e9phone : 07 69 59 14 32<\/span><\/p>\n\n\n\n<p class=\"has-text-align-center has-text-color\" style=\"color:#003fa3\"><span style=\"color:#17417c\" class=\"has-inline-color\">Co-Pr\u00e9sidence : Anne Lemonnier et Jean-Claude Jacquet<\/span><\/p>\n\n\n\n<p class=\"has-text-align-center has-text-color\" style=\"color:#003fa3\"><span style=\"color:#17417c\" class=\"has-inline-color\">Tr\u00e9sorier : Yves Gazzola<\/span><\/p>\n<\/div><\/div>\n\n\n\n<p class=\"has-text-align-center has-text-color\" style=\"color:#003fa3\"><strong>*<\/strong><\/p>\n\n\n\n<p class=\"has-text-color\" style=\"color:#003fa3\"><span style=\"color:#17417c\" class=\"has-inline-color\">Vous pouvez venir<strong> nous rencontrer <\/strong>tous les jeudis de 9h00 \u00e0 11h30 \u00e0 la <strong>Maison des Associations<\/strong>  <a rel=\"noreferrer noopener\" href=\"https:\/\/fr.mappy.com\/poi\/53239fd0e4b04129c76ad24f\" target=\"_blank\">21 rue Lamarque<\/a> \u00e0 Albertville.<\/span><\/p>\n\n\n\n<p class=\"has-text-color\" style=\"color:#003fa3\"><span style=\"color:#17417c\" class=\"has-inline-color\">Nous vous remercions de bien vouloir<strong> prendre rendez-vous<\/strong> <strong>au pr\u00e9alable<\/strong>  au 07 69 59 14 32 <\/span><\/p>\n\n\n\n<div class=\"wp-block-columns\">\n<div class=\"wp-block-column\" style=\"--col-width:100%;flex-basis:100%\">\n<div class=\"wp-block-image is-style-default\"><figure class=\"aligncenter size-large is-resized\"><img loading=\"lazy\" src=\"http:\/\/asta-solidarite.com\/wp-content\/uploads\/2025\/03\/ASTA_LOGO_JPG.jpg\" alt=\"\" class=\"wp-image-1165\" width=\"117\" height=\"135\" srcset=\"https:\/\/asta-solidarite.com\/wp-content\/uploads\/2025\/03\/ASTA_LOGO_JPG.jpg 742w, https:\/\/asta-solidarite.com\/wp-content\/uploads\/2025\/03\/ASTA_LOGO_JPG-259x300.jpg 259w\" sizes=\"(max-width: 117px) 100vw, 117px\" \/><\/figure><\/div>\n<\/div>\n<\/div>\n\n\n\n<p class=\"has-text-align-center\"><strong><a href=\"https:\/\/www.facebook.com\/AstaSolidariteAlbertville\">https:\/\/www.facebook.com\/AstaSolidariteAlbertville<\/a><\/strong><\/p>\n","protected":false},"excerpt":{"rendered":"<p>Association Solidarit\u00e9 Territoires d&rsquo;Albertville Maison des Associations 21 rue Lamarque 73200 Albertville * Vous pouvez venir nous rencontrer tous les jeudis de 9h00 \u00e0 11h30 \u00e0 la Maison des Associations 21 rue Lamarque \u00e0 Albertville. Nous vous remercions de bien vouloir prendre rendez-vous au pr\u00e9alable au 07 69 59 14 32 https:\/\/www.facebook.com\/AstaSolidariteAlbertville<\/p>\n","protected":false},"author":1,"featured_media":0,"parent":0,"menu_order":0,"comment_status":"closed","ping_status":"closed","template":"templates\/template-full-width.php","meta":[],"_links":{"self":[{"href":"https:\/\/asta-solidarite.com\/index.php\/wp-json\/wp\/v2\/pages\/104"}],"collection":[{"href":"https:\/\/asta-solidarite.com\/index.php\/wp-json\/wp\/v2\/pages"}],"about":[{"href":"https:\/\/asta-solidarite.com\/index.php\/wp-json\/wp\/v2\/types\/page"}],"author":[{"embeddable":true,"href":"https:\/\/asta-solidarite.com\/index.php\/wp-json\/wp\/v2\/users\/1"}],"replies":[{"embeddable":true,"href":"https:\/\/asta-solidarite.com\/index.php\/wp-json\/wp\/v2\/comments?post=104"}],"version-history":[{"count":32,"href":"https:\/\/asta-solidarite.com\/index.php\/wp-json\/wp\/v2\/pages\/104\/revisions"}],"predecessor-version":[{"id":1222,"href":"https:\/\/asta-solidarite.com\/index.php\/wp-json\/wp\/v2\/pages\/104\/revisions\/1222"}],"wp:attachment":[{"href":"https:\/\/asta-solidarite.com\/index.php\/wp-json\/wp\/v2\/media?parent=104"}],"curies":[{"name":"wp","href":"https:\/\/api.w.org\/{rel}","templated":true}]}}